{"id":5499,"date":"2023-01-04T14:21:54","date_gmt":"2023-01-04T13:21:54","guid":{"rendered":"https:\/\/maryon.ch\/?page_id=5499"},"modified":"2025-02-13T10:09:40","modified_gmt":"2025-02-13T09:09:40","slug":"jobs","status":"publish","type":"page","link":"https:\/\/maryon.ch\/en\/edith-maryon-foundation\/jobs\/","title":{"rendered":"Vacancies"},"content":{"rendered":"<p>In unserer gemeinsamen Arbeit f\u00fcr die Ziele der Stiftung Edith Maryon streben wir nach einer dialogischen Unternehmenskultur. Das bedeutet auf der menschlichen Ebene Interesse f\u00fcr den anderen Menschen, Zusammenarbeit auf Augenh\u00f6he sowie Vertrauen, Verbindlichkeit und gegenseitiger Respekt. Auf der sachlichen Ebene suchen wir durch offene Kommunikation nach bestm\u00f6glicher Transparenz, um zu einem immer umfassenderen Verst\u00e4ndnis der Sachverh\u00e4ltnisse zu kommen und das Wesentliche darin zu erkennen. Wir achten den Menschen als freies und soziales Wesen und pflegen ein ganzheitliches Menschenbild. Regelm\u00e4ssig finden Mitarbeitersitzungen, interne Weiterbildungen und weitere Anl\u00e4sse statt, die der fortw\u00e4hrenden Entwicklung unserer Unternehmenskultur dienen.<\/p>\n<p>Zur Verst\u00e4rkung unseres Teams suchen wir per sofort oder nach Vereinbarung<\/p>\n<ul>\n<li>eine*n <strong>Mitarbeiter*in Mietkautinsb\u00fcrgschaften<\/strong>, Pensum 80-100%:<br \/>\n<a href=\"https:\/\/maryon.ch\/v2\/wp-content\/uploads\/250213_Stelleninserat_MKB.pdf\" target=\"_blank\" rel=\"noopener\">Stellenausschreibung Mitarbeiter*in Mietkautionsb\u00fcrgschaften (PDF)<\/a><\/li>\n<\/ul>\n","protected":false},"excerpt":{"rendered":"<p>Stellen, Jobs und Karriere<\/p>\n","protected":false},"author":4,"featured_media":0,"parent":67,"menu_order":30,"comment_status":"closed","ping_status":"closed","template":"","meta":{"_acf_changed":false,"footnotes":""},"class_list":["post-5499","page","type-page","status-publish","hentry"],"acf":[],"_links":{"self":[{"href":"https:\/\/maryon.ch\/en\/wp-json\/wp\/v2\/pages\/5499","targetHints":{"allow":["GET"]}}],"collection":[{"href":"https:\/\/maryon.ch\/en\/wp-json\/wp\/v2\/pages"}],"about":[{"href":"https:\/\/maryon.ch\/en\/wp-json\/wp\/v2\/types\/page"}],"author":[{"embeddable":true,"href":"https:\/\/maryon.ch\/en\/wp-json\/wp\/v2\/users\/4"}],"replies":[{"embeddable":true,"href":"https:\/\/maryon.ch\/en\/wp-json\/wp\/v2\/comments?post=5499"}],"version-history":[{"count":16,"href":"https:\/\/maryon.ch\/en\/wp-json\/wp\/v2\/pages\/5499\/revisions"}],"predecessor-version":[{"id":8800,"href":"https:\/\/maryon.ch\/en\/wp-json\/wp\/v2\/pages\/5499\/revisions\/8800"}],"up":[{"embeddable":true,"href":"https:\/\/maryon.ch\/en\/wp-json\/wp\/v2\/pages\/67"}],"wp:attachment":[{"href":"https:\/\/maryon.ch\/en\/wp-json\/wp\/v2\/media?parent=5499"}],"curies":[{"name":"wp","href":"https:\/\/api.w.org\/{rel}","templated":true}]}}