{"id":3815,"date":"2017-11-27T16:47:11","date_gmt":"2017-11-27T15:47:11","guid":{"rendered":"https:\/\/maryon.ch\/spenden\/"},"modified":"2025-01-15T11:12:05","modified_gmt":"2025-01-15T10:12:05","slug":"don","status":"publish","type":"page","link":"https:\/\/maryon.ch\/fr\/meta\/don\/","title":{"rendered":"Dons"},"content":{"rendered":"<h2>En Suisse :<\/h2>\n<\/p>\n<div id=\"rnw-paylink-button-wgdqs\"><\/div>\n<p><script type=\"module\">\n  import {TwintButton} from \"https:\/\/unpkg.com\/@raisenow\/paylink-button@2\/dist\/TwintButton.js\"\n  TwintButton.render(\"#rnw-paylink-button-wgdqs\", {\n    \"solution-id\": \"wgdqs\",\n    \"solution-type\": \"donate\",\n    \"language\": \"de\",\n    \"size\": \"large\",\n    \"width\": \"full\",\n    \"color-scheme\": \"dark\",\n  })\n<\/script><\/p>\n<h2>En Allemagne :<\/h2>\n<p><!-- twingle --><br \/>\n<script type=\"text\/javascript\">\n\t(function() {\n\t\tvar u=\"https:\/\/spenden.twingle.de\/embed\/stiftung-edith-maryon-ggmbh\/spenden-de\/tw67865e1a83f1d\/widget\";\n\t\tvar id = '_' + Math.random().toString(36).substr(2, 9);\n\t\tvar d=document, g=d.createElement('script'), s=d.getElementsByTagName('script')[0], t=d.createElement('div');\n        t.id = 'twingle-public-embed-' + id;\n        document.currentScript.after(t);\n\t\tg.type='text\/javascript'; g.async=true; g.defer=true; g.src=u+'\/'+id; s.parentNode.insertBefore(g,s);\n\t})();\n<\/script><br \/>\n<!-- twingle --><\/p>\n<h2>Faire un don par virement<br \/><\/h2>\n<p>Stiftung Edith Maryon, Gerbergasse 30, B\u00e2le<br \/>\nFreie Gemeinschaftsbank, B\u00e2le<br \/>\nIBAN CH22 0839 2000 0040 0152 4<br \/>\nBIC RAIFCH22XXX<\/p>\n<p>Stiftung Edith Maryon, Gerbergasse 30, B\u00e2le<br \/>\nCredit Suisse, B\u00e2le<br \/>\nIBAN CH 14 0483 5091 7381 7105 9<br \/>\nBIC CRESCHZZ80A<\/p>\n<p>Stiftung Edith Maryon gGmbH, Berlin<br \/>\nGLS Gemeinschaftsbank, Bochum<br \/>\nIBAN DE40 4306 0967 0075 8313 03<br \/>\nGENODEM1GLS<\/p>\n<p>&nbsp;<\/p>\n","protected":false},"excerpt":{"rendered":"<p>Souhaitez-vous nous soutenir financi\u00e8rement afin que nous puissions soustraire davantage d\u2019immeubles \u00e0 la sp\u00e9culation fonci\u00e8re, cr\u00e9er des lieux de r\u00e9sidence et de travail socialement responsables et assurer leur p\u00e9rennit\u00e9 ?<\/p>\n","protected":false},"author":2,"featured_media":0,"parent":3835,"menu_order":30,"comment_status":"closed","ping_status":"closed","template":"","meta":{"_acf_changed":false,"footnotes":""},"class_list":["post-3815","page","type-page","status-publish","hentry"],"acf":[],"_links":{"self":[{"href":"https:\/\/maryon.ch\/fr\/wp-json\/wp\/v2\/pages\/3815","targetHints":{"allow":["GET"]}}],"collection":[{"href":"https:\/\/maryon.ch\/fr\/wp-json\/wp\/v2\/pages"}],"about":[{"href":"https:\/\/maryon.ch\/fr\/wp-json\/wp\/v2\/types\/page"}],"author":[{"embeddable":true,"href":"https:\/\/maryon.ch\/fr\/wp-json\/wp\/v2\/users\/2"}],"replies":[{"embeddable":true,"href":"https:\/\/maryon.ch\/fr\/wp-json\/wp\/v2\/comments?post=3815"}],"version-history":[{"count":8,"href":"https:\/\/maryon.ch\/fr\/wp-json\/wp\/v2\/pages\/3815\/revisions"}],"predecessor-version":[{"id":8764,"href":"https:\/\/maryon.ch\/fr\/wp-json\/wp\/v2\/pages\/3815\/revisions\/8764"}],"up":[{"embeddable":true,"href":"https:\/\/maryon.ch\/fr\/wp-json\/wp\/v2\/pages\/3835"}],"wp:attachment":[{"href":"https:\/\/maryon.ch\/fr\/wp-json\/wp\/v2\/media?parent=3815"}],"curies":[{"name":"wp","href":"https:\/\/api.w.org\/{rel}","templated":true}]}}