{"id":3853,"date":"2018-01-05T08:49:05","date_gmt":"2018-01-05T07:49:05","guid":{"rendered":"https:\/\/maryon.ch\/stiftung\/tochterunternehmen\/edith-maryon-ag\/zielsetzung\/"},"modified":"2024-07-24T10:58:19","modified_gmt":"2024-07-24T08:58:19","slug":"objectifs","status":"publish","type":"page","link":"https:\/\/maryon.ch\/fr\/fondation\/societes-affiliees\/edith-maryon-ag\/objectifs\/","title":{"rendered":"Objectifs"},"content":{"rendered":"<p>En 2015, la fondation a transf\u00e9r\u00e9 la majeure partie des biens immobiliers situ\u00e9s en Suisse ainsi que son activit\u00e9 de gestion immobili\u00e8re \u00e0 Edith Maryon SA. Cette op\u00e9ration a permis de garantir l\u2019exon\u00e9ration fiscale des donations et legs faits \u00e0 la Fondation Edith Maryon. Tous les biens immobiliers appartenant \u00e0 Edith Maryon SA \u2013 comme les terrains et les immeubles de la fondation \u2013 sont en principe inali\u00e9nables. La totalit\u00e9 des actions d\u2019Edith Maryon SA appartient \u00e0 la Fondation Edith Maryon. Un membre de la direction de la fondation si\u00e8ge au Conseil d\u2019administration de la SA.<\/p>\n","protected":false},"excerpt":{"rendered":"<p>En 2015, la fondation a transf\u00e9r\u00e9 la majeure partie des biens immobiliers situ\u00e9s en Suisse ainsi que son activit\u00e9 de gestion immobili\u00e8re \u00e0 Edith Maryon SA. Cette op\u00e9ration a permis de garantir l\u2019exon\u00e9ration fiscale des donations et legs faits \u00e0 la Fondation Edith Maryon. Tous les biens immobiliers appartenant \u00e0 Edith Maryon SA \u2013 comme [&hellip;]<\/p>\n","protected":false},"author":2,"featured_media":0,"parent":3852,"menu_order":10,"comment_status":"closed","ping_status":"closed","template":"organization.php","meta":{"_acf_changed":false,"footnotes":""},"class_list":["post-3853","page","type-page","status-publish","hentry"],"acf":[],"_links":{"self":[{"href":"https:\/\/maryon.ch\/fr\/wp-json\/wp\/v2\/pages\/3853","targetHints":{"allow":["GET"]}}],"collection":[{"href":"https:\/\/maryon.ch\/fr\/wp-json\/wp\/v2\/pages"}],"about":[{"href":"https:\/\/maryon.ch\/fr\/wp-json\/wp\/v2\/types\/page"}],"author":[{"embeddable":true,"href":"https:\/\/maryon.ch\/fr\/wp-json\/wp\/v2\/users\/2"}],"replies":[{"embeddable":true,"href":"https:\/\/maryon.ch\/fr\/wp-json\/wp\/v2\/comments?post=3853"}],"version-history":[{"count":5,"href":"https:\/\/maryon.ch\/fr\/wp-json\/wp\/v2\/pages\/3853\/revisions"}],"predecessor-version":[{"id":7882,"href":"https:\/\/maryon.ch\/fr\/wp-json\/wp\/v2\/pages\/3853\/revisions\/7882"}],"up":[{"embeddable":true,"href":"https:\/\/maryon.ch\/fr\/wp-json\/wp\/v2\/pages\/3852"}],"wp:attachment":[{"href":"https:\/\/maryon.ch\/fr\/wp-json\/wp\/v2\/media?parent=3853"}],"curies":[{"name":"wp","href":"https:\/\/api.w.org\/{rel}","templated":true}]}}