{"id":3859,"date":"2018-02-23T20:05:45","date_gmt":"2018-02-23T19:05:45","guid":{"rendered":"https:\/\/maryon.ch\/stiftung\/tochterunternehmen\/equimo\/zielsetzung\/"},"modified":"2023-04-13T14:18:31","modified_gmt":"2023-04-13T12:18:31","slug":"objectifs","status":"publish","type":"page","link":"https:\/\/maryon.ch\/fr\/fondation\/societes-affiliees\/equimo\/objectifs\/","title":{"rendered":"Objectifs"},"content":{"rendered":"<p>Tous les biens immobiliers appartenant \u00e0 equimo AG sont en principe inali\u00e9nables, \u00e0 l\u2019instar des terrains et des immeubles de la fondation. La totalit\u00e9 des actions d\u2019equimo SA appartient \u00e0 la Fondation Edith Maryon. Un membre du Conseil de fondation si\u00e8ge au Conseil d\u2019administration de la SA.<\/p>\n","protected":false},"excerpt":{"rendered":"<p>Tous les biens immobiliers appartenant \u00e0 equimo AG sont en principe inali\u00e9nables, \u00e0 l\u2019instar des terrains et des immeubles de la fondation. La totalit\u00e9 des actions d\u2019equimo SA appartient \u00e0 la Fondation Edith Maryon. Un membre du Conseil de fondation si\u00e8ge au Conseil d\u2019administration de la SA.<\/p>\n","protected":false},"author":2,"featured_media":0,"parent":3858,"menu_order":10,"comment_status":"closed","ping_status":"closed","template":"organization.php","meta":{"_acf_changed":false,"footnotes":""},"class_list":["post-3859","page","type-page","status-publish","hentry"],"acf":[],"_links":{"self":[{"href":"https:\/\/maryon.ch\/fr\/wp-json\/wp\/v2\/pages\/3859","targetHints":{"allow":["GET"]}}],"collection":[{"href":"https:\/\/maryon.ch\/fr\/wp-json\/wp\/v2\/pages"}],"about":[{"href":"https:\/\/maryon.ch\/fr\/wp-json\/wp\/v2\/types\/page"}],"author":[{"embeddable":true,"href":"https:\/\/maryon.ch\/fr\/wp-json\/wp\/v2\/users\/2"}],"replies":[{"embeddable":true,"href":"https:\/\/maryon.ch\/fr\/wp-json\/wp\/v2\/comments?post=3859"}],"version-history":[{"count":4,"href":"https:\/\/maryon.ch\/fr\/wp-json\/wp\/v2\/pages\/3859\/revisions"}],"predecessor-version":[{"id":4356,"href":"https:\/\/maryon.ch\/fr\/wp-json\/wp\/v2\/pages\/3859\/revisions\/4356"}],"up":[{"embeddable":true,"href":"https:\/\/maryon.ch\/fr\/wp-json\/wp\/v2\/pages\/3858"}],"wp:attachment":[{"href":"https:\/\/maryon.ch\/fr\/wp-json\/wp\/v2\/media?parent=3859"}],"curies":[{"name":"wp","href":"https:\/\/api.w.org\/{rel}","templated":true}]}}