{"id":3865,"date":"2018-01-19T18:09:23","date_gmt":"2018-01-19T17:09:23","guid":{"rendered":"https:\/\/maryon.ch\/stiftung\/tochterunternehmen\/terra-libra\/herzlich-willkommen\/"},"modified":"2023-04-13T14:33:53","modified_gmt":"2023-04-13T12:33:53","slug":"objectifs","status":"publish","type":"page","link":"https:\/\/maryon.ch\/fr\/fondation\/societes-affiliees\/terra-libra\/objectifs\/","title":{"rendered":"Objectifs"},"content":{"rendered":"<p>Elle est notamment responsable de l\u2019octroi des droits de superficie h\u00e9r\u00e9ditaires sur plusieurs projets d\u2019immeubles d\u2019habitation du Mietsh\u00e4user Syndikat \u00e0 Leipzig et de la r\u00e9alisation du projet VOLLGUT \u00e0 Berlin-Neuk\u00f6lln.<\/p>\n","protected":false},"excerpt":{"rendered":"<p>Elle est notamment responsable de l\u2019octroi des droits de superficie h\u00e9r\u00e9ditaires sur plusieurs projets d\u2019immeubles d\u2019habitation du Mietsh\u00e4user Syndikat \u00e0 Leipzig et de la r\u00e9alisation du projet VOLLGUT \u00e0 Berlin-Neuk\u00f6lln.<\/p>\n","protected":false},"author":2,"featured_media":0,"parent":3864,"menu_order":1,"comment_status":"closed","ping_status":"closed","template":"organization.php","meta":{"_acf_changed":false,"footnotes":""},"class_list":["post-3865","page","type-page","status-publish","hentry"],"acf":[],"_links":{"self":[{"href":"https:\/\/maryon.ch\/fr\/wp-json\/wp\/v2\/pages\/3865","targetHints":{"allow":["GET"]}}],"collection":[{"href":"https:\/\/maryon.ch\/fr\/wp-json\/wp\/v2\/pages"}],"about":[{"href":"https:\/\/maryon.ch\/fr\/wp-json\/wp\/v2\/types\/page"}],"author":[{"embeddable":true,"href":"https:\/\/maryon.ch\/fr\/wp-json\/wp\/v2\/users\/2"}],"replies":[{"embeddable":true,"href":"https:\/\/maryon.ch\/fr\/wp-json\/wp\/v2\/comments?post=3865"}],"version-history":[{"count":6,"href":"https:\/\/maryon.ch\/fr\/wp-json\/wp\/v2\/pages\/3865\/revisions"}],"predecessor-version":[{"id":4393,"href":"https:\/\/maryon.ch\/fr\/wp-json\/wp\/v2\/pages\/3865\/revisions\/4393"}],"up":[{"embeddable":true,"href":"https:\/\/maryon.ch\/fr\/wp-json\/wp\/v2\/pages\/3864"}],"wp:attachment":[{"href":"https:\/\/maryon.ch\/fr\/wp-json\/wp\/v2\/media?parent=3865"}],"curies":[{"name":"wp","href":"https:\/\/api.w.org\/{rel}","templated":true}]}}