{"id":3889,"date":"2017-11-27T15:04:58","date_gmt":"2017-11-27T14:04:58","guid":{"rendered":"https:\/\/maryon.ch\/zusammenarbeit\/"},"modified":"2024-11-11T14:28:35","modified_gmt":"2024-11-11T13:28:35","slug":"collaboration","status":"publish","type":"page","link":"https:\/\/maryon.ch\/fr\/collaboration\/","title":{"rendered":"Collaboration"},"content":{"rendered":"","protected":false},"excerpt":{"rendered":"<p>Souhaitez-vous soustraire votre bien immobilier au flux des transmissions patrimoniales et le pr\u00e9server ainsi durablement de la sp\u00e9culation ou cr\u00e9er des logements abordables \u00e0 long terme ? <\/p>\n","protected":false},"author":2,"featured_media":0,"parent":0,"menu_order":20,"comment_status":"closed","ping_status":"closed","template":"","meta":{"_acf_changed":false,"footnotes":""},"class_list":["post-3889","page","type-page","status-publish","hentry"],"acf":[],"_links":{"self":[{"href":"https:\/\/maryon.ch\/fr\/wp-json\/wp\/v2\/pages\/3889","targetHints":{"allow":["GET"]}}],"collection":[{"href":"https:\/\/maryon.ch\/fr\/wp-json\/wp\/v2\/pages"}],"about":[{"href":"https:\/\/maryon.ch\/fr\/wp-json\/wp\/v2\/types\/page"}],"author":[{"embeddable":true,"href":"https:\/\/maryon.ch\/fr\/wp-json\/wp\/v2\/users\/2"}],"replies":[{"embeddable":true,"href":"https:\/\/maryon.ch\/fr\/wp-json\/wp\/v2\/comments?post=3889"}],"version-history":[{"count":6,"href":"https:\/\/maryon.ch\/fr\/wp-json\/wp\/v2\/pages\/3889\/revisions"}],"predecessor-version":[{"id":6558,"href":"https:\/\/maryon.ch\/fr\/wp-json\/wp\/v2\/pages\/3889\/revisions\/6558"}],"wp:attachment":[{"href":"https:\/\/maryon.ch\/fr\/wp-json\/wp\/v2\/media?parent=3889"}],"curies":[{"name":"wp","href":"https:\/\/api.w.org\/{rel}","templated":true}]}}