{"id":3893,"date":"2017-11-27T15:08:01","date_gmt":"2017-11-27T14:08:01","guid":{"rendered":"https:\/\/maryon.ch\/zusammenarbeit\/projektzusammenarbeit\/"},"modified":"2024-11-11T14:29:32","modified_gmt":"2024-11-11T13:29:32","slug":"collaboration-a-des-projets","status":"publish","type":"page","link":"https:\/\/maryon.ch\/fr\/collaboration\/collaboration-a-des-projets\/","title":{"rendered":"Collaboration \u00e0 des projets"},"content":{"rendered":"<p>La Fondation Edith Maryon acquiert des biens-fonds en Suisse et dans les pays voisins gr\u00e2ce \u00e0 des donations et \u00e0 un syst\u00e8me de financement avantageux. Nous c\u00e9dons les immeubles et les terrains en droit de superficie (Suisse), en droit de superficie h\u00e9r\u00e9ditaire (Allemagne) ou \u00e0 ferme, de pr\u00e9f\u00e9rence \u00e0 long terme. Gr\u00e2ce \u00e0 notre savoir-faire et aux structures mises en place, nous soutenons les personnes et les organisations qui souhaitent concr\u00e9tiser un projet sans avoir \u00e0 acqu\u00e9rir un bien-fonds. Nous n\u2019investissons pas dans le projet lui-m\u00eame, mais nous engageons en tant que partenaire.<\/p>\n<h2>Les bases de notre collaboration<\/h2>\n<p>Si vous voulez r\u00e9aliser un projet avec nous, la fondation doit \u00eatre \u2013 ou devenir \u2013 propri\u00e9taire du bien-fonds. Dans le cas de l\u2019acquisition d\u2019un objet, vous devez, en qualit\u00e9 de requ\u00e9rant, verser ou acqu\u00e9rir votre participation financi\u00e8re. Celle-ci peut prendre la forme d\u2019une remise sur le prix de vente, d\u2019une prise en charge partielle du prix d\u2019achat, d\u2019un don, d\u2019un pr\u00eat sans int\u00e9r\u00eat ou d\u2019une donation. Ce pr\u00e9ambule est n\u00e9cessaire d\u2019une part, parce que nous encourageons des projets socialement responsables et ne pouvons \u2013 ni ne voulons \u2013 payer n\u2019importe quel prix, et d\u2019autre part parce que nous attendons de nos partenaires qu\u2019ils partagent nos objectifs. C\u2019est pourquoi nous n\u2019entrons pas en mati\u00e8re sur des demandes se limitant au financement d\u2019un projet. Par ailleurs, nous n\u2019accordons g\u00e9n\u00e9ralement pas de pr\u00eats et ne finan\u00e7ons pas les frais d\u2019exploitation ni l\u2019acquisition, la transformation ou la r\u00e9novation d\u2019immeubles appartenant \u00e0 des tiers.<\/p>\n<h2>Souhaitez-vous r\u00e9aliser un projet avec nous ?<\/h2>\n<p>N\u2019h\u00e9sitez pas \u00e0 nous contacter par t\u00e9l\u00e9phone ou \u00e0 nous adresser un courriel si vous pensez que votre projet est susceptible de nous int\u00e9resser. Si nous parvenons \u00e0 la m\u00eame conclusion \u00e0 l\u2019issue d\u2019un entretien pr\u00e9liminaire, nous vous demanderons de nous soumettre les documents suivants :<\/p>\n<ul>\n<li>Description d\u00e9taill\u00e9e int\u00e9grant l\u2019id\u00e9e et le concept du projet<\/li>\n<li>Pr\u00e9sentation des initiateurs<\/li>\n<li>Statuts et rapports annuels, si une organisation soutient le projet<\/li>\n<li>Plan des co\u00fbts et du financement avec justificatif des fonds propres<\/li>\n<li>Extrait r\u00e9cent du registre foncier<\/li>\n<li>Plan de situation au 1:500<\/li>\n<li>Prescriptions relatives au droit de la construction et indications relatives \u00e0 la planification communale (plan d\u2019affectation et plan d\u2019am\u00e9nagement)<\/li>\n<li>Attestation de l\u2019assurance immobili\u00e8re<\/li>\n<li>Estimation de la valeur v\u00e9nale, si disponible<\/li>\n<li>Plans et photographies de l\u2019immeuble<\/li>\n<li>\u00c9tat locatif dans le cas d\u2019habitations collectives<\/li>\n<\/ul>\n<p>&nbsp;<\/p>\n","protected":false},"excerpt":{"rendered":"<p>La Fondation Edith Maryon acquiert des biens-fonds en Suisse et dans les pays voisins gr\u00e2ce \u00e0 des donations et \u00e0 un syst\u00e8me de financement avantageux. Nous c\u00e9dons les immeubles et les terrains en droit de superficie (Suisse), en droit de superficie h\u00e9r\u00e9ditaire (Allemagne) ou \u00e0 ferme, de pr\u00e9f\u00e9rence \u00e0 long terme. Gr\u00e2ce \u00e0 notre savoir-faire [&hellip;]<\/p>\n","protected":false},"author":2,"featured_media":3894,"parent":3889,"menu_order":10,"comment_status":"closed","ping_status":"closed","template":"","meta":{"_acf_changed":false,"footnotes":""},"class_list":["post-3893","page","type-page","status-publish","has-post-thumbnail","hentry"],"acf":[],"_links":{"self":[{"href":"https:\/\/maryon.ch\/fr\/wp-json\/wp\/v2\/pages\/3893","targetHints":{"allow":["GET"]}}],"collection":[{"href":"https:\/\/maryon.ch\/fr\/wp-json\/wp\/v2\/pages"}],"about":[{"href":"https:\/\/maryon.ch\/fr\/wp-json\/wp\/v2\/types\/page"}],"author":[{"embeddable":true,"href":"https:\/\/maryon.ch\/fr\/wp-json\/wp\/v2\/users\/2"}],"replies":[{"embeddable":true,"href":"https:\/\/maryon.ch\/fr\/wp-json\/wp\/v2\/comments?post=3893"}],"version-history":[{"count":5,"href":"https:\/\/maryon.ch\/fr\/wp-json\/wp\/v2\/pages\/3893\/revisions"}],"predecessor-version":[{"id":6560,"href":"https:\/\/maryon.ch\/fr\/wp-json\/wp\/v2\/pages\/3893\/revisions\/6560"}],"up":[{"embeddable":true,"href":"https:\/\/maryon.ch\/fr\/wp-json\/wp\/v2\/pages\/3889"}],"wp:featuredmedia":[{"embeddable":true,"href":"https:\/\/maryon.ch\/fr\/wp-json\/wp\/v2\/media\/3894"}],"wp:attachment":[{"href":"https:\/\/maryon.ch\/fr\/wp-json\/wp\/v2\/media?parent=3893"}],"curies":[{"name":"wp","href":"https:\/\/api.w.org\/{rel}","templated":true}]}}