{"id":3895,"date":"2017-11-27T15:08:30","date_gmt":"2017-11-27T14:08:30","guid":{"rendered":"https:\/\/maryon.ch\/zusammenarbeit\/schenken-und-vererben\/"},"modified":"2024-11-11T14:54:50","modified_gmt":"2024-11-11T13:54:50","slug":"dons-et-legs","status":"publish","type":"page","link":"https:\/\/maryon.ch\/fr\/collaboration\/dons-et-legs\/","title":{"rendered":"Dons et legs"},"content":{"rendered":"<p>\u00c0 noter que nous excluons tout transfert de biens immobiliers \u00e0 des tiers ; seules la Fondation Edith Maryon et ses soci\u00e9t\u00e9s affili\u00e9es sont \u00e9ligibles. Les h\u00e9ritages, les donations et les dons qui nous sont faits sont exon\u00e9r\u00e9s d\u2019imp\u00f4ts, tant en Suisse qu\u2019en Allemagne.<\/p>\n<h2>Nous vous conseillons volontiers<\/h2>\n<p>N\u2019h\u00e9sitez pas \u00e0 nous contacter si vous avez l\u2019intention de faire une \u0153uvre utile par le biais d\u2019une donation ou d\u2019une succession. Nous vous conseillons volontiers et vous recommandons de prendre contact avec nous, en particulier pour les questions immobili\u00e8res. Si vous d\u00e9sirez pr\u00e9parer l\u2019entretien, nous vous invitons \u00e0 lire notre guide \u00ab <a href=\"https:\/\/maryon.ch\/fr\/meta\/publications\/\" target=\"_blank\" rel=\"noopener\">Fa\u00e7onner l\u2019avenir avec l\u2019immobilier : dons, donations partielles et legs<\/a> \u00bb, disponible uniquement en allemand. Il contient toutes les informations n\u00e9cessaires sur le transfert d\u2019un bien immobilier et sur les aspects \u00e0 garder \u00e0 l\u2019esprit si vous d\u00e9sirez d\u00e9fendre vos id\u00e9aux sociaux \u00e0 long terme.<\/p>\n<h2>Pensez \u00e0 nous dans votre testament<\/h2>\n<p>Notre collaboration avec DeinAdieu.ch vous permet de r\u00e9diger, sans engagement et sans frais, un testament adapt\u00e9 \u00e0 votre situation personnelle.<\/p>\n<p>Vous serez guid\u00e9 \u00e0 travers les trois \u00e9tapes suivantes :<\/p>\n<ol>\n<li>Enregistrez tous les h\u00e9ritiers<\/li>\n<li>D\u00e9terminez qui recevra quelle part de votre succession<\/li>\n<li>Recopiez \u00e0 la main le mod\u00e8le que vous avez cr\u00e9\u00e9<\/li>\n<\/ol>\n<p>Vous devriez conserver votre testament dans un endroit facile \u00e0 trouver et prot\u00e9g\u00e9 (personne de confiance, avocat, commune).<\/p>\n<p><a href=\"https:\/\/app.deinadieu.ch\/testamentgenerator\/ngo\/7714\" target=\"_blank\" rel=\"noopener\"><img loading=\"lazy\" decoding=\"async\" class=\"alignnone wp-image-7495\" src=\"https:\/\/maryon.ch\/v2\/wp-content\/uploads\/ButtonTestamenttoolCHRot-1440x340.png\" alt=\"\" width=\"397\" height=\"94\" srcset=\"https:\/\/maryon.ch\/v2\/wp-content\/uploads\/ButtonTestamenttoolCHRot-1440x340.png 1440w, https:\/\/maryon.ch\/v2\/wp-content\/uploads\/ButtonTestamenttoolCHRot-300x71.png 300w, https:\/\/maryon.ch\/v2\/wp-content\/uploads\/ButtonTestamenttoolCHRot-768x181.png 768w, https:\/\/maryon.ch\/v2\/wp-content\/uploads\/ButtonTestamenttoolCHRot.png 1537w\" sizes=\"auto, (min-width: 1440px) 100vw, 1200px\" \/><\/a><a href=\"https:\/\/app.testamentservice.de\/testamentgenerator\/ngo\/7765\" target=\"_blank\" rel=\"noopener\"><img loading=\"lazy\" decoding=\"async\" class=\"alignright wp-image-7515\" src=\"https:\/\/maryon.ch\/v2\/wp-content\/uploads\/ButtonTestamenttoolRotDE-300x71.png\" alt=\"\" width=\"397\" height=\"94\" srcset=\"https:\/\/maryon.ch\/v2\/wp-content\/uploads\/ButtonTestamenttoolRotDE-300x71.png 300w, https:\/\/maryon.ch\/v2\/wp-content\/uploads\/ButtonTestamenttoolRotDE-1440x340.png 1440w, https:\/\/maryon.ch\/v2\/wp-content\/uploads\/ButtonTestamenttoolRotDE-768x181.png 768w, https:\/\/maryon.ch\/v2\/wp-content\/uploads\/ButtonTestamenttoolRotDE.png 1537w\" sizes=\"auto, (min-width: 1440px) 100vw, 1200px\" \/><\/a><\/p>\n","protected":false},"excerpt":{"rendered":"<p>\u00c0 noter que nous excluons tout transfert de biens immobiliers \u00e0 des tiers ; seules la Fondation Edith Maryon et ses soci\u00e9t\u00e9s affili\u00e9es sont \u00e9ligibles. Les h\u00e9ritages, les donations et les dons qui nous sont faits sont exon\u00e9r\u00e9s d\u2019imp\u00f4ts, tant en Suisse qu\u2019en Allemagne. Nous vous conseillons volontiers N\u2019h\u00e9sitez pas \u00e0 nous contacter si vous [&hellip;]<\/p>\n","protected":false},"author":2,"featured_media":7639,"parent":3889,"menu_order":20,"comment_status":"closed","ping_status":"closed","template":"","meta":{"_acf_changed":false,"footnotes":""},"class_list":["post-3895","page","type-page","status-publish","has-post-thumbnail","hentry"],"acf":[],"_links":{"self":[{"href":"https:\/\/maryon.ch\/fr\/wp-json\/wp\/v2\/pages\/3895","targetHints":{"allow":["GET"]}}],"collection":[{"href":"https:\/\/maryon.ch\/fr\/wp-json\/wp\/v2\/pages"}],"about":[{"href":"https:\/\/maryon.ch\/fr\/wp-json\/wp\/v2\/types\/page"}],"author":[{"embeddable":true,"href":"https:\/\/maryon.ch\/fr\/wp-json\/wp\/v2\/users\/2"}],"replies":[{"embeddable":true,"href":"https:\/\/maryon.ch\/fr\/wp-json\/wp\/v2\/comments?post=3895"}],"version-history":[{"count":9,"href":"https:\/\/maryon.ch\/fr\/wp-json\/wp\/v2\/pages\/3895\/revisions"}],"predecessor-version":[{"id":8484,"href":"https:\/\/maryon.ch\/fr\/wp-json\/wp\/v2\/pages\/3895\/revisions\/8484"}],"up":[{"embeddable":true,"href":"https:\/\/maryon.ch\/fr\/wp-json\/wp\/v2\/pages\/3889"}],"wp:featuredmedia":[{"embeddable":true,"href":"https:\/\/maryon.ch\/fr\/wp-json\/wp\/v2\/media\/7639"}],"wp:attachment":[{"href":"https:\/\/maryon.ch\/fr\/wp-json\/wp\/v2\/media?parent=3895"}],"curies":[{"name":"wp","href":"https:\/\/api.w.org\/{rel}","templated":true}]}}