{"id":3897,"date":"2017-11-27T15:08:49","date_gmt":"2017-11-27T14:08:49","guid":{"rendered":"https:\/\/maryon.ch\/zusammenarbeit\/greenpeace\/"},"modified":"2024-07-29T12:41:57","modified_gmt":"2024-07-29T10:41:57","slug":"greenpeace","status":"publish","type":"page","link":"https:\/\/maryon.ch\/fr\/collaboration\/greenpeace\/","title":{"rendered":"Greenpeace"},"content":{"rendered":"<p><a href=\"https:\/\/www.greenpeace.ch\/de\/handeln\/spenden\/legate-erbschaften\/immobilie-vererben\/\" target=\"_blank\" rel=\"noopener\"><img loading=\"lazy\" decoding=\"async\" class=\"alignnone wp-image-7299 size-medium\" src=\"https:\/\/maryon.ch\/v2\/wp-content\/uploads\/Greenpeace-Logo-e1702909293230-300x58.png\" alt=\"\" width=\"300\" height=\"58\" srcset=\"https:\/\/maryon.ch\/v2\/wp-content\/uploads\/Greenpeace-Logo-e1702909293230-300x58.png 300w, https:\/\/maryon.ch\/v2\/wp-content\/uploads\/Greenpeace-Logo-e1702909293230-1440x281.png 1440w, https:\/\/maryon.ch\/v2\/wp-content\/uploads\/Greenpeace-Logo-e1702909293230-768x150.png 768w, https:\/\/maryon.ch\/v2\/wp-content\/uploads\/Greenpeace-Logo-e1702909293230-1536x299.png 1536w, https:\/\/maryon.ch\/v2\/wp-content\/uploads\/Greenpeace-Logo-e1702909293230-2048x399.png 2048w\" sizes=\"auto, (min-width: 1440px) 100vw, 1200px\" \/><\/a><br \/>\nLes personnes qui souhaitent nous c\u00e9der un bien-fonds sous forme de don ou de legs tout en contribuant \u00e0 la protection de l\u2019environnement peuvent demander que la valeur nette de l\u2019immeuble soit vers\u00e9e \u00e0 Greenpeace. Afin de pr\u00e9server son ind\u00e9pendance, cette organisation n\u2019accepte en effet aucun terrain ou immeuble qui ne puisse \u00eatre vendu. La fondation d\u00e9tiendra durablement ce bien-fonds et ne le c\u00e9dera pas \u00e0 des tiers.<\/p>\n<h2>En faveur des humains et de l\u2019environnement<\/h2>\n<p>Ce partenariat vous offre la possibilit\u00e9 de soutenir des projets \u00e9cologiques et sociaux de mani\u00e8re durable par le biais d\u2019une donation ou d\u2019une succession. Greenpeace et la Fondation Edith Maryon poursuivent des objectifs similaires. L\u2019organisation \u00e9cologiste milite pour l\u2019av\u00e8nement d\u2019une soci\u00e9t\u00e9 et d\u2019une \u00e9conomie qui respectent et pr\u00e9servent nos conditions de vie essentielles. Cette approche correspond parfaitement \u00e0 nos id\u00e9aux et \u00e0 nos projets.<\/p>\n<h2>Un bon conseil ne co\u00fbte rien<\/h2>\n<p>N\u2019h\u00e9sitez pas \u00e0 nous contacter si vous avez l\u2019intention de faire une \u0153uvre utile par le biais d\u2019une donation ou d\u2019une succession. Nous vous conseillerons gratuitement et sans engagement. Si vous avez envie de soutenir Greenpeace simultan\u00e9ment, nous organiserons volontiers une entrevue avec l\u2019une de ses repr\u00e9sentantes. Si vous d\u00e9sirez pr\u00e9parer l\u2019entretien, nous vous invitons \u00e0 lire notre guide \u00ab Fa\u00e7onner l\u2019avenir avec l\u2019immobilier : dons, donations partielles et legs \u00bb, disponible uniquement en allemand (<a href=\"https:\/\/maryon.ch\/meta\/publikationen\/publikation-bestellen\/\">cliquer pour acc\u00e9der au formulaire de commande<\/a>). Il contient toutes les informations n\u00e9cessaires sur le transfert d\u2019un bien immobilier et sur les aspects \u00e0 garder \u00e0 l\u2019esprit si vous d\u00e9sirez d\u00e9fendre vos id\u00e9aux sociaux \u00e0 long terme.<\/p>\n","protected":false},"excerpt":{"rendered":"<p>Les personnes qui souhaitent nous c\u00e9der un bien-fonds sous forme de don ou de legs tout en contribuant \u00e0 la protection de l\u2019environnement peuvent demander que la valeur nette de l\u2019immeuble soit vers\u00e9e \u00e0 Greenpeace. Afin de pr\u00e9server son ind\u00e9pendance, cette organisation n\u2019accepte en effet aucun terrain ou immeuble qui ne puisse \u00eatre vendu. La [&hellip;]<\/p>\n","protected":false},"author":2,"featured_media":3898,"parent":3889,"menu_order":30,"comment_status":"closed","ping_status":"closed","template":"","meta":{"_acf_changed":false,"footnotes":""},"class_list":["post-3897","page","type-page","status-publish","has-post-thumbnail","hentry"],"acf":[],"_links":{"self":[{"href":"https:\/\/maryon.ch\/fr\/wp-json\/wp\/v2\/pages\/3897","targetHints":{"allow":["GET"]}}],"collection":[{"href":"https:\/\/maryon.ch\/fr\/wp-json\/wp\/v2\/pages"}],"about":[{"href":"https:\/\/maryon.ch\/fr\/wp-json\/wp\/v2\/types\/page"}],"author":[{"embeddable":true,"href":"https:\/\/maryon.ch\/fr\/wp-json\/wp\/v2\/users\/2"}],"replies":[{"embeddable":true,"href":"https:\/\/maryon.ch\/fr\/wp-json\/wp\/v2\/comments?post=3897"}],"version-history":[{"count":7,"href":"https:\/\/maryon.ch\/fr\/wp-json\/wp\/v2\/pages\/3897\/revisions"}],"predecessor-version":[{"id":7919,"href":"https:\/\/maryon.ch\/fr\/wp-json\/wp\/v2\/pages\/3897\/revisions\/7919"}],"up":[{"embeddable":true,"href":"https:\/\/maryon.ch\/fr\/wp-json\/wp\/v2\/pages\/3889"}],"wp:featuredmedia":[{"embeddable":true,"href":"https:\/\/maryon.ch\/fr\/wp-json\/wp\/v2\/media\/3898"}],"wp:attachment":[{"href":"https:\/\/maryon.ch\/fr\/wp-json\/wp\/v2\/media?parent=3897"}],"curies":[{"name":"wp","href":"https:\/\/api.w.org\/{rel}","templated":true}]}}