{"id":3905,"date":"2018-10-25T09:34:19","date_gmt":"2018-10-25T07:34:19","guid":{"rendered":"https:\/\/maryon.ch\/liegenschaften\/vollgut\/"},"modified":"2024-03-04T09:39:48","modified_gmt":"2024-03-04T08:39:48","slug":"vollgut","status":"publish","type":"page","link":"https:\/\/maryon.ch\/fr\/immeubles\/vollgut\/","title":{"rendered":"VOLLGUT"},"content":{"rendered":"<p>Nach einem \u00e4u\u00dferst komplexen, Anfang September 2015 erfolgreich abgeschlossenen Verhandlungsprozess, konnte unsere Tochtergesellschaft Terra Libra Immobilien GmbH einen Gro\u00dfteil des Gel\u00e4ndes der ehemaligen Kindl-Brauerei im Rollbergviertel erwerben. Ziel der Areal\u00fcbernahme war es, eine der gro\u00dfen Industriebrachen in Neuk\u00f6lln langfristig f\u00fcr soziale, kreative und \u00f6kologische Nutzungen zur Verf\u00fcgung zu stellen und zu sichern. Das Gel\u00e4nde soll zu einem attraktiven Ort der Arbeit und Begegnung werden und einen Beitrag zu einer guten Nachbarschaft im Rollbergkiez leisten. Es soll auch zu einem stadtr\u00e4umlich zentralen Ort werden, der zur Identifikation im Quartier wesentlich beitr\u00e4gt. Sozialvertr\u00e4glichkeit, Zug\u00e4nglichkeit und Vielfalt, Umweltvertr\u00e4glichkeit, Ressourcenschonung und Abfallvermeidung sind f\u00fcr uns wesentliche Kriterien f\u00fcr die weitere Entwicklung.<\/p>\n<p>Die Quartierentwicklung erfolgt partizipativ, das hei\u00dft unter Beteiligung der Nutzer, der Nachbarschaft, des Bezirks und der interessierten Bev\u00f6lkerung. Zu den bereits bestehenden Bauten sollen mittelfristig durch Neubauten weitere rd. 12.500 Quadratmeter hinzukommen. Hierzu haben wir zun\u00e4chst zwei Teilgrundst\u00fccke im Erbbaurecht an die TRNSFRM eG abgegeben, die in experimenteller, modularer Holz-Hybridbauweise einerseits den ALLTAG f\u00fcr soziale Bewohnergruppen und Dienstleistungen, andererseits ein Circular Economy House<span style=\"color: #ff0000;\"> <span style=\"color: #000000;\">f\u00fcr<\/span><\/span> Laborhaftes Denken, Wirtschaften und Wohnen in Kreisl\u00e4ufen errichtet haben. Auf einem weiteren Grundst\u00fcck auf Erbbaurechtbasis ist das <a href=\"http:\/\/maryon.ch\/liegenschaft\/am-sudhaus\/\">Eine Welt Zentrum<\/a> beheimatet.<\/p>\n<p>Mit der Vergabe der drei genannten Erbbaurechte ist die Entwicklung am VOLLGUT noch nicht abgeschlossen. Die Ert\u00fcchtigung der Brauereikeller soll bislang noch brachliegende Raumpotenziale von ca. 10.000 Quadratmeter nutzbar machen und nach M\u00f6glichkeit die bereits auf ca. 25.000 Quadratmeter bestehenden Nutzungen konsolidieren. In Bestands- und Erweiterungsbauten sollen bisherige Zwischennutzungen abgel\u00f6st werden durch langfristige Ansiedlung bestehender und neuer Nutzerschaften.<\/p>\n<h2>Weiterf\u00fchrende Informationen<\/h2>\n<ul>\n<li><a href=\"https:\/\/maryon.ch\/fr\/immeubles\/vollgut\/projektentwicklung\/\">Weitere Informationen zur Projektentwicklung<\/a><\/li>\n<li><a href=\"https:\/\/maryon.ch\/liegenschaften\/vollgut\/aktuelles-kontakt\/\">Aktuelles &amp; Kontakt<\/a><\/li>\n<li><span style=\"color: #ff0000;\">Dokumente zum Downloads und Links (werden nachgereicht<\/span>)<\/li>\n<\/ul>\n<p><span style=\"color: #ff0000;\">(( Projektdaten-Tabelle wie gehabt.))<\/span><\/p>\n","protected":false},"excerpt":{"rendered":"<p>Nach einem \u00e4u\u00dferst komplexen, Anfang September 2015 erfolgreich abgeschlossenen Verhandlungsprozess, konnte unsere Tochtergesellschaft Terra Libra Immobilien GmbH einen Gro\u00dfteil des Gel\u00e4ndes der ehemaligen Kindl-Brauerei im Rollbergviertel erwerben. Ziel der Areal\u00fcbernahme war es, eine der gro\u00dfen Industriebrachen in Neuk\u00f6lln langfristig f\u00fcr soziale, kreative und \u00f6kologische Nutzungen zur Verf\u00fcgung zu stellen und zu sichern. Das Gel\u00e4nde soll [&hellip;]<\/p>\n","protected":false},"author":8,"featured_media":0,"parent":3899,"menu_order":110,"comment_status":"closed","ping_status":"closed","template":"","meta":{"_acf_changed":false,"footnotes":""},"class_list":["post-3905","page","type-page","status-publish","hentry"],"acf":[],"_links":{"self":[{"href":"https:\/\/maryon.ch\/fr\/wp-json\/wp\/v2\/pages\/3905","targetHints":{"allow":["GET"]}}],"collection":[{"href":"https:\/\/maryon.ch\/fr\/wp-json\/wp\/v2\/pages"}],"about":[{"href":"https:\/\/maryon.ch\/fr\/wp-json\/wp\/v2\/types\/page"}],"author":[{"embeddable":true,"href":"https:\/\/maryon.ch\/fr\/wp-json\/wp\/v2\/users\/8"}],"replies":[{"embeddable":true,"href":"https:\/\/maryon.ch\/fr\/wp-json\/wp\/v2\/comments?post=3905"}],"version-history":[{"count":2,"href":"https:\/\/maryon.ch\/fr\/wp-json\/wp\/v2\/pages\/3905\/revisions"}],"predecessor-version":[{"id":5163,"href":"https:\/\/maryon.ch\/fr\/wp-json\/wp\/v2\/pages\/3905\/revisions\/5163"}],"up":[{"embeddable":true,"href":"https:\/\/maryon.ch\/fr\/wp-json\/wp\/v2\/pages\/3899"}],"wp:attachment":[{"href":"https:\/\/maryon.ch\/fr\/wp-json\/wp\/v2\/media?parent=3905"}],"curies":[{"name":"wp","href":"https:\/\/api.w.org\/{rel}","templated":true}]}}