{"id":3911,"date":"2018-10-25T09:54:30","date_gmt":"2018-10-25T07:54:30","guid":{"rendered":"https:\/\/maryon.ch\/liegenschaften\/vollgut\/aktuelles-kontakt\/"},"modified":"2024-07-24T11:32:54","modified_gmt":"2024-07-24T09:32:54","slug":"aktuelles-kontakt","status":"publish","type":"page","link":"https:\/\/maryon.ch\/fr\/immeubles\/vollgut\/aktuelles-kontakt\/","title":{"rendered":"Aktuelles &amp; Kontakt"},"content":{"rendered":"<p>&nbsp;<\/p>\n<p>Die Folien vom Infoabend am 10.4.2019 gibt es rechts zum Download.<\/p>\n<p>Am VOLLGUT finden fast t\u00e4glich verschiedenste Aktivit\u00e4ten und Veranstaltungen statt, die auf den Websites der jeweiligen Nutzer einsehbar sind:<\/p>\n<ul>\n<li><a href=\"https:\/\/crclr.org\/\" target=\"_blank\" rel=\"noopener noreferrer\">Circular Economy House<\/a><\/li>\n<li><a href=\"https:\/\/www.schwuz.de\/\" target=\"_blank\" rel=\"noopener noreferrer\">Club SchwuZ<\/a><\/li>\n<li><a href=\"https:\/\/www.golden-box.de\/\" target=\"_blank\" rel=\"noopener noreferrer\">Golden Box im Vollgutlager<\/a><\/li>\n<li><a href=\"http:\/\/www.berlin-global-village.de\/eine-welt-zentrum\/\" target=\"_blank\" rel=\"noopener noreferrer\">Eine-Welt-Zentrum<\/a><\/li>\n<li><a href=\"https:\/\/www.infozentrale.berlin\/\" target=\"_blank\" rel=\"noopener noreferrer\">Infozentrale am VOLLGUT<\/a><\/li>\n<li><a href=\"http:\/\/www.kindl-berlin.de\" target=\"_blank\" rel=\"noopener noreferrer\">Kindl-Zentrum f\u00fcr zeitgen\u00f6ssische Kunst<\/a><\/li>\n<li><a href=\"http:\/\/daszuhause.com\/?page_id=94\" target=\"_blank\" rel=\"noopener noreferrer\">Zuhause e.V.<\/a><\/li>\n<li>Artistania e.V.<\/li>\n<li>Kunst-Stoffe e.V.<\/li>\n<li>Kartbahn<\/li>\n<li>Agora Collective e.V.<\/li>\n<li>Alltag Gesundheitskollektiv<\/li>\n<li>Kijufi<\/li>\n<\/ul>\n<p>Sollten Sie <strong>Interesse an der langfristigen Nutzung von R\u00e4umen<\/strong> auf dem VOLLGUT-Areal haben, senden Sie uns bitte den <strong>ausgef\u00fcllten Fragebogen (siehe Download rechts)<\/strong>.\u00a0Wenn Sie <strong>regelm\u00e4\u00dfige Informationen (Newsletter) w\u00fcnschen<\/strong>, kontaktieren Sie uns gerne <a href=\"https:\/\/maryon.ch\/liegenschaften\/vollgut\/aktuelles-kontakt\/kontakt-vollgut\/\">hier<\/a>.<\/p>\n<p><a href=\"https:\/\/maryon.ch\/liegenschaften\/vollgut\/\">Zur\u00fcck zur Vollgut Projekt\u00fcbersicht<\/a><\/p>\n<figure id=\"attachment_3215\" aria-describedby=\"caption-attachment-3215\" style=\"width: 300px\" class=\"wp-caption alignnone\"><img loading=\"lazy\" decoding=\"async\" class=\"size-medium wp-image-3215\" src=\"https:\/\/maryon.ch\/v2\/wp-content\/uploads\/VOLLGUT_KindlTreppe-300x200.jpg\" alt=\"\" width=\"300\" height=\"200\" srcset=\"https:\/\/maryon.ch\/v2\/wp-content\/uploads\/VOLLGUT_KindlTreppe-300x200.jpg 300w, https:\/\/maryon.ch\/v2\/wp-content\/uploads\/VOLLGUT_KindlTreppe-768x512.jpg 768w, https:\/\/maryon.ch\/v2\/wp-content\/uploads\/VOLLGUT_KindlTreppe-75x50.jpg 75w, https:\/\/maryon.ch\/v2\/wp-content\/uploads\/VOLLGUT_KindlTreppe-285x190.jpg 285w, https:\/\/maryon.ch\/v2\/wp-content\/uploads\/VOLLGUT_KindlTreppe-360x240.jpg 360w, https:\/\/maryon.ch\/v2\/wp-content\/uploads\/VOLLGUT_KindlTreppe.jpg 960w\" sizes=\"auto, (min-width: 1440px) 100vw, 1200px\" \/><figcaption id=\"caption-attachment-3215\" class=\"wp-caption-text\">Aktion an Kindl-Treppe mit Artistania e.V. und Prozess-Kunst &#8220;Meine Welt&#8221; mit Nicolas Freitag und Anja R\u00f6hling<\/figcaption><\/figure>\n","protected":false},"excerpt":{"rendered":"<p>&nbsp; Die Folien vom Infoabend am 10.4.2019 gibt es rechts zum Download. Am VOLLGUT finden fast t\u00e4glich verschiedenste Aktivit\u00e4ten und Veranstaltungen statt, die auf den Websites der jeweiligen Nutzer einsehbar sind: Circular Economy House Club SchwuZ Golden Box im Vollgutlager Eine-Welt-Zentrum Infozentrale am VOLLGUT Kindl-Zentrum f\u00fcr zeitgen\u00f6ssische Kunst Zuhause e.V. Artistania e.V. Kunst-Stoffe e.V. Kartbahn [&hellip;]<\/p>\n","protected":false},"author":8,"featured_media":3912,"parent":3905,"menu_order":20,"comment_status":"closed","ping_status":"closed","template":"","meta":{"_acf_changed":false,"footnotes":""},"class_list":["post-3911","page","type-page","status-publish","has-post-thumbnail","hentry"],"acf":[],"_links":{"self":[{"href":"https:\/\/maryon.ch\/fr\/wp-json\/wp\/v2\/pages\/3911","targetHints":{"allow":["GET"]}}],"collection":[{"href":"https:\/\/maryon.ch\/fr\/wp-json\/wp\/v2\/pages"}],"about":[{"href":"https:\/\/maryon.ch\/fr\/wp-json\/wp\/v2\/types\/page"}],"author":[{"embeddable":true,"href":"https:\/\/maryon.ch\/fr\/wp-json\/wp\/v2\/users\/8"}],"replies":[{"embeddable":true,"href":"https:\/\/maryon.ch\/fr\/wp-json\/wp\/v2\/comments?post=3911"}],"version-history":[{"count":1,"href":"https:\/\/maryon.ch\/fr\/wp-json\/wp\/v2\/pages\/3911\/revisions"}],"predecessor-version":[{"id":7906,"href":"https:\/\/maryon.ch\/fr\/wp-json\/wp\/v2\/pages\/3911\/revisions\/7906"}],"up":[{"embeddable":true,"href":"https:\/\/maryon.ch\/fr\/wp-json\/wp\/v2\/pages\/3905"}],"wp:featuredmedia":[{"embeddable":true,"href":"https:\/\/maryon.ch\/fr\/wp-json\/wp\/v2\/media\/3912"}],"wp:attachment":[{"href":"https:\/\/maryon.ch\/fr\/wp-json\/wp\/v2\/media?parent=3911"}],"curies":[{"name":"wp","href":"https:\/\/api.w.org\/{rel}","templated":true}]}}