{"id":4536,"date":"2020-05-20T14:08:12","date_gmt":"2020-05-20T12:08:12","guid":{"rendered":"https:\/\/maryon.ch\/?page_id=4536"},"modified":"2026-04-15T10:44:13","modified_gmt":"2026-04-15T08:44:13","slug":"activites-et-liens-interets","status":"publish","type":"page","link":"https:\/\/maryon.ch\/fr\/meta\/activites-et-liens-interets\/","title":{"rendered":"Organes dirigeants"},"content":{"rendered":"<h3>Rembert Biemond, pr\u00e9sident du conseil de fondation :<\/h3>\n<p>Membre du conseil d\u2019administration, SEKEM Holding, Le Caire (\u00c9gypte)<br \/>\nMembre du conseil de fondation, Stiftung Evidenz, B\u00e2le<br \/>\nMembre du conseil de fondation, Fondazione Dimitri, Verscio<br \/>\nMembre du conseil de surveillance, Universit\u00e9 d\u2019H\u00e9liopolis, Le Caire (\u00c9gypte)<br \/>\nMembre du conseil consultatif, Bioh\u00f6fe Stiftung, Bochum (Allemagne)<br \/>\nDirecteur, SEKEM Treuhand gGmbH, Hambourg (Allemagne)<br \/>\nAssoci\u00e9 g\u00e9rant, Rembert Biemond AB, J\u00e4rna (Su\u00e8de)<br \/>\nDirecteur, ODAT GmbH, Diepholz (Allemagne)<\/p>\n<h3>Thomas Bieri, membre du conseil de fondation :<\/h3>\n<p>Membre du conseil de fondation, Software AG Stiftung, Darmstadt (Allemagne)<br \/>\nMembre du conseil de surveillance, GLS Bank, Bochum (Allemagne)<br \/>\nMembre du comit\u00e9 de direction, association Gesellschaft f\u00fcr Kunstpflege und Jugendbildung, B\u00e2le<\/p>\n<h3>Oliver Conradt, membre du conseil de fondation :<\/h3>\n<p>Responsable des finances, Goetheanum, Dornach<br \/>\nResponsable de la section Math\u00e9matiques-Astronomie, Goetheanum, Dornach<br \/>\nPr\u00e9sident du conseil de fondation, Fondation Goetheanum, Dornach<br \/>\nVice-pr\u00e9sident du conseil de fondation, Stiftung R\u00fcttihubelbad, Walkringen<br \/>\nPartenaire et directeur, Lemmin Services GmbH, Dornach<\/p>\n<h3>Alexander Graf, membre du conseil de fondation:<\/h3>\n<p>Partenaire Ernst &amp; Young AG, B\u00e2le<br \/>\nMembre du comit\u00e9 de direction, Rudolf Steiner Schulverein, B\u00e2le<\/p>\n<h3>Barbara Schnetzler, membre du conseil de fondation :<\/h3>\n<p>Artiste ind\u00e9pendante<br \/>\nCo-direction Kunststudienjahr am Goetheanum, Dornach<br \/>\nPartenaire Hofgut Sch\u00f6nthal GmbH<br \/>\nMembre du comit\u00e9 de direction, Verein Kloster Sch\u00f6nthal, Langenbruck<\/p>\n<h3>Pr\u00e9sidente du conseil d\u2019administration Val\u00e9rie Anouk Clapasson:<\/h3>\n<p>Propri\u00e9taire Clapasson Advisory<br \/>\nMembre du conseil de fondation, Stiftung Solinvest<br \/>\nMembre du conseil d\u2019administration, Alternative Bank Schweiz AG<br \/>\nMembre du comit\u00e9 de direction, Wohnbaugenossenschaften Zurich<\/p>\n<h3>Membre du conseil d\u2019administration Michael Fischer:<\/h3>\n<p>Propri\u00e9taire bbvfischer GmbH<br \/>\nPr\u00e9sident BSA Ostschweiz<\/p>\n<h3>Membre du conseil d\u2019administration Michaela Reimann:<\/h3>\n<p>Propri\u00e9taire Visionality GmbH<br \/>\nCo-directrice Association Basel2037<br \/>\nPr\u00e9sidente du conseil d\u2019administration GreenUp<br \/>\nMembre du conseil d\u2019administration nahbau AG<\/p>\n<h3>Membre du conseil d\u2019administration Peter Schmid :<\/h3>\n<p>Propri\u00e9taire, KDK P. Schmid, conseil aux organisations \u00e0 but non lucratif, Zurich<br \/>\nPr\u00e9sident Fondation Soliterra, Zurich<br \/>\nMembre du conseil d\u2019administration Solilogis AG, Zurich<br \/>\nPr\u00e9sident Association Gemeingut Boden, Zurich<br \/>\nVice-pr\u00e9sident, coop\u00e9ratives d\u2019habitation Suisse, Zurich<br \/>\nPr\u00e9sident du conseil d\u2019administration, Logis Suisse AG, Baden<br \/>\nPr\u00e9sident du conseil d\u2019administration, Habitat 8000 AG, Zurich<br \/>\nPr\u00e9sident du conseil d\u2019administration, Terra Schweiz AG et Habitare Schweiz AG, Winterthour<\/p>\n<h3>Directeur et membre du conseil d\u2019administration Christoph Langscheid:<\/h3>\n<p>Membre du conseil d\u2019administration, Edith Maryon AG, B\u00e2le<br \/>\nMembre du conseil d\u2019administration, equimo AG, B\u00e2le<br \/>\nDirecteur, Terra Libra Immobilien GmbH, Berlin (Allemagne)<br \/>\nDirecteur, Stiftung Edith Maryon gGmbH, Berlin (Allemagne)<br \/>\nPr\u00e9sident du conseil d\u2019administration, Kollektivzentrum Baslerstrasse AG, Z\u00fcrich<br \/>\nMembre du conseil de fondation, Paul Schatz Stiftung, B\u00e2le<br \/>\nMembre du conseil de fondation, Thalia Stiftung, B\u00e2le<br \/>\nMembre du comit\u00e9 de direction, association Gesellschaft f\u00fcr Kunstpflege und Jugendbildung, B\u00e2le<br \/>\nMembre du comit\u00e9 de direction, association Das Deutsche Haus, Berlin<br \/>\nMembre du conseil consultatif, Stiftung Evidenz, B\u00e2le<br \/>\nMembre Associazione Casa Andrea Cristoforo, Ascona<\/p>\n<h3>Klaudia Agbaba, membre de la direction :<\/h3>\n<p>Membre du conseil de fondation et Directrice, Stiftung Pinu\u2019u, B\u00e2le<br \/>\nMembre du conseil d\u2019administration, Kollektivzentrum Baslerstrasse AG, Zurich<br \/>\nMembre Associazione Casa Andrea Cristoforo, Ascona<\/p>\n<h3>Klaus Jensen, membre de la direction :<\/h3>\n<p>Directeur, Stiftung Edith Maryon gGmbH, Berlin (Allemagne)<br \/>\nPropri\u00e9taire, SCHARING Aufbau-Seminar, Kirchzarten (Allemagne)<br \/>\nMembre du comit\u00e9 de direction, SCHARING F\u00f6rdergemeinschaft, Br\u00fchl (Allemagne)<\/p>\n<h3>Ulrich Kriese, membre de la direction :<\/h3>\n<p>Membre du conseil de fondation, Stiftung trias, Hattingen\/Ruhr (Allemagne)<br \/>\nMembre du comit\u00e9 de direction, association Gemeingut Boden, Zurich<br \/>\nMembre du comit\u00e9 de direction, association Architekturpfad Dornach-Arlesheim, Dornach<br \/>\nPorte-parole en mati\u00e8re de politique de construction et d\u2019am\u00e9nagement du territoire, Naturschutzbund Deutschland (NABU) e.V. (Allemagne)<\/p>\n<h3>Pr\u00e9sidente de la direction de l\u2019Edith Maryon AG Klara Kl\u00e4usler:<\/h3>\n<p>Pr\u00e9sidente de la direction de l\u2019equimo AG, Basel<br \/>\nPr\u00e9sidente, Gemeindehausverein St. Theodor, B\u00e2le<br \/>\nMembre du comit\u00e9 de direction, association Freunde der Hammerschmiede Worblaufen<\/p>\n<h3>Membre de la direction de l\u2019Edith Maryon AG Maria Sanchez:<\/h3>\n<p>Membre de la direction de l\u2019equimo AG, Basel<br \/>\nMembre du comit\u00e9 de direction wohnbaugenossenschaften nordwestschweiz<br \/>\nMembre du comit\u00e9 de direction Basler Wohngenossenschaft (BWG)<\/p>\n<h3>Membre de la direction de la Terra Libra Immobilien GmbH Julian R\u00f6mer:<\/h3>\n<p>Membre du conseil de fondation Christian und Dorothee B\u00fcrkert Stiftung, Ingelfingen<\/p>\n<p>Avril 2026<\/p>\n","protected":false},"excerpt":{"rendered":"<p>Rembert Biemond, pr\u00e9sident du conseil de fondation : Membre du conseil d\u2019administration, SEKEM Holding, Le Caire (\u00c9gypte) Membre du conseil de fondation, Stiftung Evidenz, B\u00e2le Membre du conseil de fondation, Fondazione Dimitri, Verscio Membre du conseil de surveillance, Universit\u00e9 d\u2019H\u00e9liopolis, Le Caire (\u00c9gypte) Membre du conseil consultatif, Bioh\u00f6fe Stiftung, Bochum (Allemagne) Directeur, SEKEM Treuhand gGmbH, [&hellip;]<\/p>\n","protected":false},"author":4,"featured_media":0,"parent":3835,"menu_order":80,"comment_status":"closed","ping_status":"closed","template":"","meta":{"_acf_changed":false,"footnotes":""},"class_list":["post-4536","page","type-page","status-publish","hentry"],"acf":[],"_links":{"self":[{"href":"https:\/\/maryon.ch\/fr\/wp-json\/wp\/v2\/pages\/4536","targetHints":{"allow":["GET"]}}],"collection":[{"href":"https:\/\/maryon.ch\/fr\/wp-json\/wp\/v2\/pages"}],"about":[{"href":"https:\/\/maryon.ch\/fr\/wp-json\/wp\/v2\/types\/page"}],"author":[{"embeddable":true,"href":"https:\/\/maryon.ch\/fr\/wp-json\/wp\/v2\/users\/4"}],"replies":[{"embeddable":true,"href":"https:\/\/maryon.ch\/fr\/wp-json\/wp\/v2\/comments?post=4536"}],"version-history":[{"count":73,"href":"https:\/\/maryon.ch\/fr\/wp-json\/wp\/v2\/pages\/4536\/revisions"}],"predecessor-version":[{"id":9984,"href":"https:\/\/maryon.ch\/fr\/wp-json\/wp\/v2\/pages\/4536\/revisions\/9984"}],"up":[{"embeddable":true,"href":"https:\/\/maryon.ch\/fr\/wp-json\/wp\/v2\/pages\/3835"}],"wp:attachment":[{"href":"https:\/\/maryon.ch\/fr\/wp-json\/wp\/v2\/media?parent=4536"}],"curies":[{"name":"wp","href":"https:\/\/api.w.org\/{rel}","templated":true}]}}