{"id":7328,"date":"2024-02-05T13:48:50","date_gmt":"2024-02-05T12:48:50","guid":{"rendered":"https:\/\/maryon.ch\/?page_id=7328"},"modified":"2026-03-18T10:22:59","modified_gmt":"2026-03-18T09:22:59","slug":"encouragement-de-la-culture","status":"publish","type":"page","link":"https:\/\/maryon.ch\/fr\/encouragement-de-la-culture\/","title":{"rendered":"Promotion culturelle"},"content":{"rendered":"<p>D\u00e9sireux d\u2019accompagner personnellement les projets qui b\u00e9n\u00e9ficient de notre soutien, nous concentrons nos activit\u00e9s sur la r\u00e9gion b\u00e2loise.<\/p>\n<h2>Comment demander une contribution de soution?<\/h2>\n<p>Vous trouverez toutes les informations n\u00e9cessaires dans notre <a href=\"https:\/\/maryon.ch\/v2\/wp-content\/uploads\/260318_SEM_MerkblattKulturfoerderung_f.pdf\" target=\"_blank\" rel=\"noopener\"><strong>aide-m\u00e9moire<\/strong><\/a>.<\/p>\n<p>Les d\u00e9lais de d\u00e9p\u00f4t des dossiers sont les suivants :<\/p>\n<ul>\n<li>du 1er mars au 31 mai, et<\/li>\n<li>du 1er septembre au 30 novembre<\/li>\n<\/ul>\n<p>La prise de d\u00e9cision intervient durant et apr\u00e8s ces p\u00e9riodes.<\/p>\n<p>Les demandes sont possibles dans les domaines suivants :<\/p>\n<ul>\n<li>arts de la sc\u00e8ne et arts visuels contemporains ;<\/li>\n<li>art dans la construction ;<\/li>\n<li>th\u00e9rapie musicale et artistique ;<\/li>\n<li>p\u00e9dagogie (point fort : p\u00e9dagogie Steiner\/Waldorf) ;<\/li>\n<li>agriculture et nutrition ;<\/li>\n<li>m\u00e9decine compl\u00e9mentaire<\/li>\n<\/ul>\n<p>Les activit\u00e9s suivantes ne sont <strong>pas <\/strong>prises en charge :<\/p>\n<ul>\n<li>financements de projets dans le secteur immobilier (achat, construction, r\u00e9novation, etc.) ;<\/li>\n<li>projets de musique ;<\/li>\n<li>fili\u00e8res d\u2019\u00e9tudes \/ formations \/ bourses ;<\/li>\n<li>appels aux dons d\u2019ordre g\u00e9n\u00e9ral, financement participatif.<\/li>\n<\/ul>\n<p>Dans le domaine des arts de la sc\u00e8ne et des arts visuels, nous soutenons principalement le processus de cr\u00e9ation de jeunes artistes en d\u00e9but de carri\u00e8re. Dans tous les autres domaines, nous mettons l\u2019accent sur des projets qui ne se pr\u00e9occupent pas uniquement du pr\u00e9sent, mais adoptent une perspective \u00e9largie et tourn\u00e9e vers l\u2019avenir.<\/p>\n<p>Des exemples de projets que nous avons soutenus par le pass\u00e9 figurent dans nos <a href=\"https:\/\/maryon.ch\/fr\/meta\/publications\/\" target=\"_blank\" rel=\"noopener\">rapports annuels<\/a>. Nous sommes bien \u00e9videmment \u00e0 votre disposition pour de plus amples renseignements.<\/p>\n","protected":false},"excerpt":{"rendered":"<p>Nous soutenons des projets enthousiasmants, principalement dans les domaines de l\u2019art et de l\u2019\u00e9ducation, s\u2019ils nous correspondent.<\/p>\n","protected":false},"author":4,"featured_media":9432,"parent":0,"menu_order":50,"comment_status":"closed","ping_status":"closed","template":"","meta":{"_acf_changed":false,"footnotes":""},"class_list":["post-7328","page","type-page","status-publish","has-post-thumbnail","hentry"],"acf":[],"_links":{"self":[{"href":"https:\/\/maryon.ch\/fr\/wp-json\/wp\/v2\/pages\/7328","targetHints":{"allow":["GET"]}}],"collection":[{"href":"https:\/\/maryon.ch\/fr\/wp-json\/wp\/v2\/pages"}],"about":[{"href":"https:\/\/maryon.ch\/fr\/wp-json\/wp\/v2\/types\/page"}],"author":[{"embeddable":true,"href":"https:\/\/maryon.ch\/fr\/wp-json\/wp\/v2\/users\/4"}],"replies":[{"embeddable":true,"href":"https:\/\/maryon.ch\/fr\/wp-json\/wp\/v2\/comments?post=7328"}],"version-history":[{"count":12,"href":"https:\/\/maryon.ch\/fr\/wp-json\/wp\/v2\/pages\/7328\/revisions"}],"predecessor-version":[{"id":7364,"href":"https:\/\/maryon.ch\/fr\/wp-json\/wp\/v2\/pages\/7328\/revisions\/7364"}],"wp:featuredmedia":[{"embeddable":true,"href":"https:\/\/maryon.ch\/fr\/wp-json\/wp\/v2\/media\/9432"}],"wp:attachment":[{"href":"https:\/\/maryon.ch\/fr\/wp-json\/wp\/v2\/media?parent=7328"}],"curies":[{"name":"wp","href":"https:\/\/api.w.org\/{rel}","templated":true}]}}