{"id":8359,"date":"2024-11-12T11:59:05","date_gmt":"2024-11-12T10:59:05","guid":{"rendered":"https:\/\/maryon.ch\/?page_id=8359"},"modified":"2024-11-12T11:59:35","modified_gmt":"2024-11-12T10:59:35","slug":"garanties-de-loyer","status":"publish","type":"page","link":"https:\/\/maryon.ch\/fr\/aides-au-logement\/garanties-de-loyer\/","title":{"rendered":"Garanties de loyer"},"content":{"rendered":"<h2>Comment solliciter un cautionnement de garantie ?<\/h2>\n<p>Le fonds de solidarit\u00e9 s\u2019adresse \u00e0 toute personne \u00e0 la recherche d\u2019un appartement dans le nord-ouest de la Suisse qui ne d\u00e9sire pas ou n\u2019est pas en mesure de payer elle-m\u00eame sa garantie de loyer. Pour demander un cautionnement, veuillez remplir le formulaire ad hoc et l\u2019envoyer avec les documents ci-apr\u00e8s \u00e0 notre secr\u00e9tariat ou passer dans nos bureaux pour nous les remettre personnellement :<\/p>\n<ul>\n<li>Copie du contrat de bail,<\/li>\n<li>Copie d\u2019une pi\u00e8ce d\u2019identit\u00e9 (passeport, carte d\u2019identit\u00e9, titre de s\u00e9jour),<\/li>\n<li>Extrait actuel et d\u00e9taill\u00e9 du registre des poursuites,<\/li>\n<li>Copie du dernier d\u00e9compte de salaire, du dernier d\u00e9compte des cotisations AVS\/AI\/PC ou de l\u2019aide sociale,<\/li>\n<li>Confirmation de la r\u00e9siliation de votre ancien bail (si disponible).<\/li>\n<\/ul>\n<h2>\u00c0 combien s\u2019\u00e9l\u00e8ve le cautionnement de garantie ?<\/h2>\n<p>Le fonds est tributaire de la solidarit\u00e9 des locataires. C\u2019est pourquoi, en plus d\u2019une contribution unique de 200 francs destin\u00e9e \u00e0 couvrir les frais administratifs, nous demandons une contribution au fonds de solidarit\u00e9 \u00e9quivalant \u00e0 15 % du d\u00e9p\u00f4t de garantie. Tous les locataires sont responsables, au prorata de leur contribution respective, des dommages que le fonds est tenu de couvrir. Voici un exemple chiffr\u00e9:<\/p>\n<p>Vous d\u00e9sirez louer un appartement dont le loyer s\u2019\u00e9l\u00e8ve \u00e0 1500 francs par mois. Le bailleur demande trois mois de loyer \u00e0 titre de garantie, soit 4500 francs. La caution du fonds de solidarit\u00e9 s\u2019\u00e9l\u00e8vera \u00e0 200 francs (frais administratifs), plus 675 francs correspondant \u00e0 votre contribution au fonds. Il vous en co\u00fbtera donc 875 francs au lieu de 4500 francs.<\/p>\n<h2>Les d\u00e9marches \u00e0 accomplir<\/h2>\n<p>Vous nous transmettez votre demande de cautionnement, accompagn\u00e9e des documents requis, que nous v\u00e9rifions imm\u00e9diatement. Apr\u00e8s acceptation de la demande, vous transf\u00e9rez votre participation aux frais et votre contribution au fonds de solidarit\u00e9. Le cautionnement est activ\u00e9 \u00e0 r\u00e9ception de votre versement. Le bailleur re\u00e7oit une d\u00e9claration de cautionnement \u00e9crite de la Fondation Edith Maryon \u00e0 titre de garantie ; une copie vous est remise pour vos dossiers.<\/p>\n","protected":false},"excerpt":{"rendered":"<p>Nous cautionnons votre garantie de loyer par l\u2019interm\u00e9diaire de notre fonds de solidarit\u00e9.<\/p>\n","protected":false},"author":4,"featured_media":8389,"parent":8397,"menu_order":41,"comment_status":"closed","ping_status":"closed","template":"","meta":{"_acf_changed":false,"footnotes":""},"class_list":["post-8359","page","type-page","status-publish","has-post-thumbnail","hentry"],"acf":[],"_links":{"self":[{"href":"https:\/\/maryon.ch\/fr\/wp-json\/wp\/v2\/pages\/8359","targetHints":{"allow":["GET"]}}],"collection":[{"href":"https:\/\/maryon.ch\/fr\/wp-json\/wp\/v2\/pages"}],"about":[{"href":"https:\/\/maryon.ch\/fr\/wp-json\/wp\/v2\/types\/page"}],"author":[{"embeddable":true,"href":"https:\/\/maryon.ch\/fr\/wp-json\/wp\/v2\/users\/4"}],"replies":[{"embeddable":true,"href":"https:\/\/maryon.ch\/fr\/wp-json\/wp\/v2\/comments?post=8359"}],"version-history":[{"count":1,"href":"https:\/\/maryon.ch\/fr\/wp-json\/wp\/v2\/pages\/8359\/revisions"}],"predecessor-version":[{"id":8360,"href":"https:\/\/maryon.ch\/fr\/wp-json\/wp\/v2\/pages\/8359\/revisions\/8360"}],"up":[{"embeddable":true,"href":"https:\/\/maryon.ch\/fr\/wp-json\/wp\/v2\/pages\/8397"}],"wp:featuredmedia":[{"embeddable":true,"href":"https:\/\/maryon.ch\/fr\/wp-json\/wp\/v2\/media\/8389"}],"wp:attachment":[{"href":"https:\/\/maryon.ch\/fr\/wp-json\/wp\/v2\/media?parent=8359"}],"curies":[{"name":"wp","href":"https:\/\/api.w.org\/{rel}","templated":true}]}}