{"id":8393,"date":"2024-11-12T11:56:18","date_gmt":"2024-11-12T10:56:18","guid":{"rendered":"https:\/\/maryon.ch\/?page_id=8393"},"modified":"2024-11-18T15:45:24","modified_gmt":"2024-11-18T14:45:24","slug":"frais-de-demenagement","status":"publish","type":"page","link":"https:\/\/maryon.ch\/fr\/aides-au-logement\/frais-de-demenagement\/","title":{"rendered":"Frais de d\u00e9m\u00e9nagement"},"content":{"rendered":"<p>Le fonds \u00ab Umzugskosten \u00bb (frais de d\u00e9m\u00e9nagement), aliment\u00e9 par la Fondation Christoph Merian, permet de verser des indemnit\u00e9s aux habitants de B\u00e2le-Ville qui ont besoin d\u2019un soutien financier lors d\u2019un d\u00e9m\u00e9nagement.<\/p>\n<p>Nous g\u00e9rons ce fonds afin de pouvoir verser, dans le cadre d\u2019une caution de garantie de loyer, des contributions aux frais de d\u00e9m\u00e9nagement ou aux d\u00e9comptes de frais accessoires de chauffage. N\u2019h\u00e9sitez pas \u00e0 nous contacter pour obtenir des pr\u00e9cisions sur la proc\u00e9dure \u00e0 suivre.<\/p>\n<p><a href=\"https:\/\/www.cms-basel.ch\/projekte\/haertefall-fonds-umzugskosten-2\" target=\"_blank\" rel=\"noopener\"><img loading=\"lazy\" decoding=\"async\" class=\"alignnone wp-image-8109 size-medium\" src=\"https:\/\/maryon.ch\/v2\/wp-content\/uploads\/LogoCMS-300x71.png\" alt=\"\" width=\"300\" height=\"71\" srcset=\"https:\/\/maryon.ch\/v2\/wp-content\/uploads\/LogoCMS-300x71.png 300w, https:\/\/maryon.ch\/v2\/wp-content\/uploads\/LogoCMS.png 556w\" sizes=\"auto, (min-width: 1440px) 100vw, 1200px\" \/><\/a><\/p>\n","protected":false},"excerpt":{"rendered":"<p>Nous administrons un fonds d\u2019aide au d\u00e9m\u00e9nagement. <\/p>\n","protected":false},"author":4,"featured_media":8482,"parent":8397,"menu_order":42,"comment_status":"closed","ping_status":"closed","template":"","meta":{"_acf_changed":false,"footnotes":""},"class_list":["post-8393","page","type-page","status-publish","has-post-thumbnail","hentry"],"acf":[],"_links":{"self":[{"href":"https:\/\/maryon.ch\/fr\/wp-json\/wp\/v2\/pages\/8393","targetHints":{"allow":["GET"]}}],"collection":[{"href":"https:\/\/maryon.ch\/fr\/wp-json\/wp\/v2\/pages"}],"about":[{"href":"https:\/\/maryon.ch\/fr\/wp-json\/wp\/v2\/types\/page"}],"author":[{"embeddable":true,"href":"https:\/\/maryon.ch\/fr\/wp-json\/wp\/v2\/users\/4"}],"replies":[{"embeddable":true,"href":"https:\/\/maryon.ch\/fr\/wp-json\/wp\/v2\/comments?post=8393"}],"version-history":[{"count":5,"href":"https:\/\/maryon.ch\/fr\/wp-json\/wp\/v2\/pages\/8393\/revisions"}],"predecessor-version":[{"id":8537,"href":"https:\/\/maryon.ch\/fr\/wp-json\/wp\/v2\/pages\/8393\/revisions\/8537"}],"up":[{"embeddable":true,"href":"https:\/\/maryon.ch\/fr\/wp-json\/wp\/v2\/pages\/8397"}],"wp:featuredmedia":[{"embeddable":true,"href":"https:\/\/maryon.ch\/fr\/wp-json\/wp\/v2\/media\/8482"}],"wp:attachment":[{"href":"https:\/\/maryon.ch\/fr\/wp-json\/wp\/v2\/media?parent=8393"}],"curies":[{"name":"wp","href":"https:\/\/api.w.org\/{rel}","templated":true}]}}