{"id":8395,"date":"2024-11-12T11:57:38","date_gmt":"2024-11-12T10:57:38","guid":{"rendered":"https:\/\/maryon.ch\/?page_id=8395"},"modified":"2024-11-18T15:41:29","modified_gmt":"2024-11-18T14:41:29","slug":"parts-sociales","status":"publish","type":"page","link":"https:\/\/maryon.ch\/fr\/aides-au-logement\/parts-sociales\/","title":{"rendered":"Parts sociales"},"content":{"rendered":"<p>Le<strong> fonds en parts de soci\u00e9t\u00e9s coop\u00e9ratives<\/strong> de la Fondation pour le logement de B\u00e2le offre un soutien financier aux habitants de B\u00e2le-Ville sous forme de pr\u00eat. Nous assumons la gestion de ce fonds : rendez-nous visite dans nos locaux ou envoyez-nous le formulaire de demande et ses annexes d\u00fbment remplis.<\/p>\n<p><strong><a href=\"https:\/\/www.wohnraum-basel.ch\/fonds.html\" target=\"_blank\" rel=\"noopener\"><img loading=\"lazy\" decoding=\"async\" class=\"alignnone wp-image-8124 size-full\" src=\"https:\/\/maryon.ch\/v2\/wp-content\/uploads\/LogoWRB-1.png\" alt=\"\" width=\"256\" height=\"86\"><\/a><\/strong><\/p>\n","protected":false},"excerpt":{"rendered":"<p>Nous administrons un fonds en parts sociales de soci\u00e9t\u00e9s coop\u00e9ratives.<\/p>\n","protected":false},"author":4,"featured_media":0,"parent":8397,"menu_order":43,"comment_status":"closed","ping_status":"closed","template":"","meta":{"_acf_changed":false,"footnotes":""},"class_list":["post-8395","page","type-page","status-publish","hentry"],"acf":[],"_links":{"self":[{"href":"https:\/\/maryon.ch\/fr\/wp-json\/wp\/v2\/pages\/8395","targetHints":{"allow":["GET"]}}],"collection":[{"href":"https:\/\/maryon.ch\/fr\/wp-json\/wp\/v2\/pages"}],"about":[{"href":"https:\/\/maryon.ch\/fr\/wp-json\/wp\/v2\/types\/page"}],"author":[{"embeddable":true,"href":"https:\/\/maryon.ch\/fr\/wp-json\/wp\/v2\/users\/4"}],"replies":[{"embeddable":true,"href":"https:\/\/maryon.ch\/fr\/wp-json\/wp\/v2\/comments?post=8395"}],"version-history":[{"count":6,"href":"https:\/\/maryon.ch\/fr\/wp-json\/wp\/v2\/pages\/8395\/revisions"}],"predecessor-version":[{"id":8536,"href":"https:\/\/maryon.ch\/fr\/wp-json\/wp\/v2\/pages\/8395\/revisions\/8536"}],"up":[{"embeddable":true,"href":"https:\/\/maryon.ch\/fr\/wp-json\/wp\/v2\/pages\/8397"}],"wp:attachment":[{"href":"https:\/\/maryon.ch\/fr\/wp-json\/wp\/v2\/media?parent=8395"}],"curies":[{"name":"wp","href":"https:\/\/api.w.org\/{rel}","templated":true}]}}