{"id":9076,"date":"2025-05-22T14:51:22","date_gmt":"2025-05-22T12:51:22","guid":{"rendered":"https:\/\/maryon.ch\/objectifs\/"},"modified":"2025-05-26T11:16:21","modified_gmt":"2025-05-26T09:16:21","slug":"objectifs","status":"publish","type":"page","link":"https:\/\/maryon.ch\/fr\/fondation\/societes-affiliees\/allmendia-gmbh\/objectifs\/","title":{"rendered":"Objectifs"},"content":{"rendered":"<p>Allmendia GmbH s\u2019occupe de toutes les activit\u00e9s li\u00e9es \u00e0 la location immobili\u00e8re, g\u00e8re les dossiers des locataires et des immeubles ainsi que les comptes correspondants et traite toute correspondance avec les locataires, les prestataires de services, les entrepreneurs, les autorit\u00e9s, etc. La soci\u00e9t\u00e9 \u00e9tablit les d\u00e9comptes d\u2019immeubles et de frais accessoires, effectue r\u00e9guli\u00e8rement des visites et des inspections de l\u2019\u00e9tat g\u00e9n\u00e9ral des b\u00e2timents, mandate et contr\u00f4le les services de conciergerie, les entreprises de maintenance et de nettoyage, etc., et effectue des r\u00e9parations mineures. Elle suit attentivement l\u2019\u00e9volution du droit du bail et du march\u00e9 du logement.<\/p>\n","protected":false},"excerpt":{"rendered":"<p>Allmendia GmbH s\u2019occupe de toutes les activit\u00e9s li\u00e9es \u00e0 la location immobili\u00e8re, g\u00e8re les dossiers des locataires et des immeubles ainsi que les comptes correspondants et traite toute correspondance avec les locataires, les prestataires de services, les entrepreneurs, les autorit\u00e9s, etc. La soci\u00e9t\u00e9 \u00e9tablit les d\u00e9comptes d\u2019immeubles et de frais accessoires, effectue r\u00e9guli\u00e8rement des visites [&hellip;]<\/p>\n","protected":false},"author":4,"featured_media":0,"parent":9086,"menu_order":1,"comment_status":"closed","ping_status":"closed","template":"organization.php","meta":{"_acf_changed":false,"footnotes":""},"class_list":["post-9076","page","type-page","status-publish","hentry"],"acf":[],"_links":{"self":[{"href":"https:\/\/maryon.ch\/fr\/wp-json\/wp\/v2\/pages\/9076","targetHints":{"allow":["GET"]}}],"collection":[{"href":"https:\/\/maryon.ch\/fr\/wp-json\/wp\/v2\/pages"}],"about":[{"href":"https:\/\/maryon.ch\/fr\/wp-json\/wp\/v2\/types\/page"}],"author":[{"embeddable":true,"href":"https:\/\/maryon.ch\/fr\/wp-json\/wp\/v2\/users\/4"}],"replies":[{"embeddable":true,"href":"https:\/\/maryon.ch\/fr\/wp-json\/wp\/v2\/comments?post=9076"}],"version-history":[{"count":1,"href":"https:\/\/maryon.ch\/fr\/wp-json\/wp\/v2\/pages\/9076\/revisions"}],"predecessor-version":[{"id":9079,"href":"https:\/\/maryon.ch\/fr\/wp-json\/wp\/v2\/pages\/9076\/revisions\/9079"}],"up":[{"embeddable":true,"href":"https:\/\/maryon.ch\/fr\/wp-json\/wp\/v2\/pages\/9086"}],"wp:attachment":[{"href":"https:\/\/maryon.ch\/fr\/wp-json\/wp\/v2\/media?parent=9076"}],"curies":[{"name":"wp","href":"https:\/\/api.w.org\/{rel}","templated":true}]}}